{"id":743,"date":"2022-01-23T11:53:39","date_gmt":"2022-01-23T10:53:39","guid":{"rendered":"https:\/\/lafetedesvignerons.be\/?page_id=743"},"modified":"2022-01-23T11:53:39","modified_gmt":"2022-01-23T10:53:39","slug":"jura","status":"publish","type":"page","link":"https:\/\/lafetedesvignerons.be\/index.php\/jura\/","title":{"rendered":"JURA"},"content":{"rendered":"<h2>Domaine Michel Thibaut (C\u00f4tes du Jura)<\/h2>\n<style>\/*! elementor - v3.10.1 - 17-01-2023 *\/\n.elementor-widget-divider{--divider-border-style:none;--divider-border-width:1px;--divider-color:#2c2c2c;--divider-icon-size:20px;--divider-element-spacing:10px;--divider-pattern-height:24px;--divider-pattern-size:20px;--divider-pattern-url:none;--divider-pattern-repeat:repeat-x}.elementor-widget-divider .elementor-divider{display:flex}.elementor-widget-divider .elementor-divider__text{font-size:15px;line-height:1;max-width:95%}.elementor-widget-divider .elementor-divider__element{margin:0 var(--divider-element-spacing);flex-shrink:0}.elementor-widget-divider .elementor-icon{font-size:var(--divider-icon-size)}.elementor-widget-divider .elementor-divider-separator{display:flex;margin:0;direction:ltr}.elementor-widget-divider--view-line_icon .elementor-divider-separator,.elementor-widget-divider--view-line_text .elementor-divider-separator{align-items:center}.elementor-widget-divider--view-line_icon .elementor-divider-separator:after,.elementor-widget-divider--view-line_icon .elementor-divider-separator:before,.elementor-widget-divider--view-line_text .elementor-divider-separator:after,.elementor-widget-divider--view-line_text .elementor-divider-separator:before{display:block;content:\"\";border-bottom:0;flex-grow:1;border-top:var(--divider-border-width) var(--divider-border-style) var(--divider-color)}.elementor-widget-divider--element-align-left .elementor-divider .elementor-divider-separator>.elementor-divider__svg:first-of-type{flex-grow:0;flex-shrink:100}.elementor-widget-divider--element-align-left .elementor-divider-separator:before{content:none}.elementor-widget-divider--element-align-left .elementor-divider__element{margin-left:0}.elementor-widget-divider--element-align-right .elementor-divider .elementor-divider-separator>.elementor-divider__svg:last-of-type{flex-grow:0;flex-shrink:100}.elementor-widget-divider--element-align-right .elementor-divider-separator:after{content:none}.elementor-widget-divider--element-align-right .elementor-divider__element{margin-right:0}.elementor-widget-divider:not(.elementor-widget-divider--view-line_text):not(.elementor-widget-divider--view-line_icon) .elementor-divider-separator{border-top:var(--divider-border-width) var(--divider-border-style) var(--divider-color)}.elementor-widget-divider--separator-type-pattern{--divider-border-style:none}.elementor-widget-divider--separator-type-pattern.elementor-widget-divider--view-line .elementor-divider-separator,.elementor-widget-divider--separator-type-pattern:not(.elementor-widget-divider--view-line) .elementor-divider-separator:after,.elementor-widget-divider--separator-type-pattern:not(.elementor-widget-divider--view-line) .elementor-divider-separator:before,.elementor-widget-divider--separator-type-pattern:not([class*=elementor-widget-divider--view]) .elementor-divider-separator{width:100%;min-height:var(--divider-pattern-height);-webkit-mask-size:var(--divider-pattern-size) 100%;mask-size:var(--divider-pattern-size) 100%;-webkit-mask-repeat:var(--divider-pattern-repeat);mask-repeat:var(--divider-pattern-repeat);background-color:var(--divider-color);-webkit-mask-image:var(--divider-pattern-url);mask-image:var(--divider-pattern-url)}.elementor-widget-divider--no-spacing{--divider-pattern-size:auto}.elementor-widget-divider--bg-round{--divider-pattern-repeat:round}.rtl .elementor-widget-divider .elementor-divider__text{direction:rtl}.e-con-inner>.elementor-widget-divider,.e-con>.elementor-widget-divider{width:var(--container-widget-width);--flex-grow:var(--container-widget-flex-grow)}<\/style>\n<p>\t\t\t\t\t\t\t\t\t\t\t\t\t\t\t<img decoding=\"async\" width=\"1024\" height=\"768\" src=\"http:\/\/lafetedesvignerons.be\/wp-content\/uploads\/2022\/01\/42256254_1122840877869578_7830880722515656704_n-1024x768.jpg\" alt=\"\" loading=\"lazy\" srcset=\"https:\/\/lafetedesvignerons.be\/wp-content\/uploads\/2022\/01\/42256254_1122840877869578_7830880722515656704_n-1024x768.jpg 1024w, https:\/\/lafetedesvignerons.be\/wp-content\/uploads\/2022\/01\/42256254_1122840877869578_7830880722515656704_n-300x225.jpg 300w, https:\/\/lafetedesvignerons.be\/wp-content\/uploads\/2022\/01\/42256254_1122840877869578_7830880722515656704_n-768x576.jpg 768w, https:\/\/lafetedesvignerons.be\/wp-content\/uploads\/2022\/01\/42256254_1122840877869578_7830880722515656704_n-1536x1152.jpg 1536w, https:\/\/lafetedesvignerons.be\/wp-content\/uploads\/2022\/01\/42256254_1122840877869578_7830880722515656704_n.jpg 2048w\" sizes=\"auto, (max-width: 1024px) 100vw, 1024px\" \/><br \/>\n\t\tMichel THIBAUT viticulteur dans le jura depuis 1989 d\u00e9veloppe en 2014 avec son \u00e9pouse son propre domaine viticole. Mais avant Michel, a sillonn\u00e9 plus d&rsquo;une r\u00e9gion viticole o\u00f9 il a acquis son savoir.<\/p>\n<p>Au sud d&rsquo;Arbois sur la route des vins du Jura se situe POLIGNY petite cit\u00e9e comtoise de caract\u00e8res ceint de parts et d&rsquo;autres d&rsquo;un vignoble en appellation\u00a0C\u00d4TES DU JURA.<br \/>Les vignes sont conduites autant que possible dans le respect de l\u2019environnement, enherbement ,travail du sol et utilisation raisonn\u00e9s des intrants et du tracteur pour obtenir des raisins de qualit\u00e9s.<br \/>Michel \u00e9labore sa gamme de\u00a0VIN DU JURA\u00a0en adoptant les m\u00e9thodes de vinification traditionnelles alli\u00e9es aux technologies les plus actuelles.<br \/>Les vins du\u00a0DOMAINE MICHEL THIBAUT\u00a0sont produits dans la m\u00eame philosophie depuis plus de vingt cinq ans, la finalit\u00e9 \u00e9tant l&rsquo;obtention de c\u00f4tes du jura riches en saveur et accessibles.<br \/>Catherine et Michel agissent avec la passion et le savoir-faire traditionnel pour vous proposer des vins de qualit\u00e9 dans le respect du terroir jurassien.<\/p>\n","protected":false},"excerpt":{"rendered":"<p>Domaine Michel Thibaut (C\u00f4tes du Jura) Michel THIBAUT viticulteur dans le jura depuis 1989 d\u00e9veloppe en 2014 avec son \u00e9pouse son propre domaine viticole. Mais avant Michel, a sillonn\u00e9 plus d&rsquo;une r\u00e9gion viticole o\u00f9 il a acquis son savoir. Au sud d&rsquo;Arbois sur la route des vins du Jura se situe POLIGNY petite cit\u00e9e comtoise [&hellip;]<\/p>\n","protected":false},"author":2,"featured_media":0,"parent":0,"menu_order":0,"comment_status":"closed","ping_status":"closed","template":"","meta":{"footnotes":""},"class_list":["post-743","page","type-page","status-publish","hentry"],"_links":{"self":[{"href":"https:\/\/lafetedesvignerons.be\/index.php\/wp-json\/wp\/v2\/pages\/743","targetHints":{"allow":["GET"]}}],"collection":[{"href":"https:\/\/lafetedesvignerons.be\/index.php\/wp-json\/wp\/v2\/pages"}],"about":[{"href":"https:\/\/lafetedesvignerons.be\/index.php\/wp-json\/wp\/v2\/types\/page"}],"author":[{"embeddable":true,"href":"https:\/\/lafetedesvignerons.be\/index.php\/wp-json\/wp\/v2\/users\/2"}],"replies":[{"embeddable":true,"href":"https:\/\/lafetedesvignerons.be\/index.php\/wp-json\/wp\/v2\/comments?post=743"}],"version-history":[{"count":0,"href":"https:\/\/lafetedesvignerons.be\/index.php\/wp-json\/wp\/v2\/pages\/743\/revisions"}],"wp:attachment":[{"href":"https:\/\/lafetedesvignerons.be\/index.php\/wp-json\/wp\/v2\/media?parent=743"}],"curies":[{"name":"wp","href":"https:\/\/api.w.org\/{rel}","templated":true}]}}