{"id":898,"date":"2022-01-24T22:18:09","date_gmt":"2022-01-24T21:18:09","guid":{"rendered":"https:\/\/lafetedesvignerons.be\/?page_id=898"},"modified":"2026-01-31T08:59:24","modified_gmt":"2026-01-31T07:59:24","slug":"loire","status":"publish","type":"page","link":"https:\/\/lafetedesvignerons.be\/index.php\/loire\/","title":{"rendered":"LOIRE"},"content":{"rendered":"<h2>Ch\u00e2teau Pi\u00e9gu\u00eb (Anjou)<\/h2>\n<p><img loading=\"lazy\" decoding=\"async\" class=\"alignnone size-full wp-image-2113\" src=\"http:\/\/lafetedesvignerons.be\/wp-content\/uploads\/2025\/01\/Chateau-piegue.jpg\" alt=\"\" width=\"480\" height=\"272\" srcset=\"https:\/\/lafetedesvignerons.be\/wp-content\/uploads\/2025\/01\/Chateau-piegue.jpg 480w, https:\/\/lafetedesvignerons.be\/wp-content\/uploads\/2025\/01\/Chateau-piegue-300x170.jpg 300w\" sizes=\"auto, (max-width: 480px) 100vw, 480px\" \/><\/p>\n<p>Ch\u00e2teau Pi\u00e9gu\u00eb est situ\u00e9 en vall\u00e9e de Loire, \u00e0 Rochefort-sur-Loire, \u00e0 20 minutes d\u2019Angers. D\u2019une superficie de 28 hectares, plant\u00e9 50% en blanc et 50% en rouge, le vignoble est dispos\u00e9 en coteaux et domine la Loire. Les c\u00e9pages tels que le Chenin blanc, le Grolleau, le Cabernet Sauvignon, le Chardonnay et le Gamay sont cultiv\u00e9s avec soin sur des terroirs qualitatifs et nous permettent d\u2019obtenir des vins authentiques.<\/p>\n<h2>Domaine des Hautes No\u00eblles (Muscadet)<\/h2>\n<p><img loading=\"lazy\" decoding=\"async\" class=\"alignnone size-full wp-image-2116\" src=\"http:\/\/lafetedesvignerons.be\/wp-content\/uploads\/2025\/01\/Hautes-noelles-1.jpg\" alt=\"\" width=\"430\" height=\"288\" srcset=\"https:\/\/lafetedesvignerons.be\/wp-content\/uploads\/2025\/01\/Hautes-noelles-1.jpg 430w, https:\/\/lafetedesvignerons.be\/wp-content\/uploads\/2025\/01\/Hautes-noelles-1-300x201.jpg 300w\" sizes=\"auto, (max-width: 430px) 100vw, 430px\" \/><\/p>\n<p>Viticulteurs de p\u00e8re en fils depuis 1650, la famille CHON poss\u00e8de au c\u0153ur du pays nantais une exploitation qui r\u00e9alise, entre autres, les fameux Muscadet. Dominique g\u00e8re le vignoble et Philippe \u0153nologue r\u00e9alise les vins.<\/p>\n<p>Muscadet, Pinot noir, Cabernet, Gros-Plant, Gamay et m\u00e9thode traditionnelle sont les produits de leurs efforts. R\u00e9compens\u00e9s par de nombreuses m\u00e9dailles, ces vins sont reconnus pour leurs qualit\u00e9s gustative et le grand professionnalisme dont font preuve les 2 fr\u00e8res dans leur m\u00e9tier \u00e0 r\u00e9ussir \u00e0 produire des vins g\u00e9n\u00e9reux dont vous saurez appr\u00e9cier les ar\u00f4mes.<\/p>\n<p>D\u00e9couvrez les vins de Bretagne !<\/p>\n<h2>Domaine Marc Galbrun (Bourgueil)<\/h2>\n<p><img loading=\"lazy\" decoding=\"async\" src=\"http:\/\/lafetedesvignerons.be\/wp-content\/uploads\/2022\/01\/original.jpg\" sizes=\"auto, (max-width: 600px) 100vw, 600px\" srcset=\"https:\/\/lafetedesvignerons.be\/wp-content\/uploads\/2022\/01\/original.jpg 600w, https:\/\/lafetedesvignerons.be\/wp-content\/uploads\/2022\/01\/original-300x170.jpg 300w\" alt=\"\" width=\"600\" height=\"340\" \/><\/p>\n<p>Le Logis de la Croix des Pierres, propri\u00e9t\u00e9 de la famille est situ\u00e9 sur la commune viticole de Restign\u00e9, en Val de Loire, au c\u0153ur de l&rsquo;appellation Bourgueil, entre Angers et Tours.<\/p>\n<p>Annette et Marc ont fait le choix de se tourner vers une viticulture durable depuis plusieurs d\u00e9cennies.\u00a0Ces choix culturaux sont d\u00e9sormais reconnus avec la certification\u00a0HVE (Haute Valeur Environnementale)\u00a0permettant une pr\u00e9servation de la biodiversit\u00e9.<\/p>\n<p>Couvrant une surface de 10 hectares, leurs vignes \u00e2g\u00e9es de 8 \u00e0 60 ans sont r\u00e9parties sur les plateaux caillouteux et les coteaux argilo-calcaires profitant ainsi d&rsquo;un ensoleillement maximum.<\/p>\n<p>Le Cabernet franc produit des vins rouges de grande ampleur aux subtils ar\u00f4mes de fruits rouges, ainsi que des vins ros\u00e9s vifs et fruit\u00e9s.<\/p>\n<h2>Domaine Paris P\u00e8re et Fils (Vouvray)<\/h2>\n<p><img loading=\"lazy\" decoding=\"async\" class=\"alignnone size-full wp-image-2117\" src=\"http:\/\/lafetedesvignerons.be\/wp-content\/uploads\/2025\/01\/Paris-pere-et-fils.png\" alt=\"\" width=\"838\" height=\"546\" srcset=\"https:\/\/lafetedesvignerons.be\/wp-content\/uploads\/2025\/01\/Paris-pere-et-fils.png 838w, https:\/\/lafetedesvignerons.be\/wp-content\/uploads\/2025\/01\/Paris-pere-et-fils-300x195.png 300w, https:\/\/lafetedesvignerons.be\/wp-content\/uploads\/2025\/01\/Paris-pere-et-fils-768x500.png 768w\" sizes=\"auto, (max-width: 838px) 100vw, 838px\" \/><\/p>\n<p>C\u2019est \u00e0 Chan\u00e7ay en plein c\u0153ur de l\u2019AOC Vouvray, que Claude et Guillaume Paris, vignerons depuis de multiples g\u00e9n\u00e9rations, cultive 12 ha de vigne principalement compos\u00e9s du c\u00e9page Chenin<\/p>\n<p>Aujourd\u2019hui le domaine allie tradition et modernit\u00e9. L&rsquo;\u00e9levage se d\u00e9roule toujours en cave de tuffeau, que nos anc\u00eatres utilisaient jadis comme habitats (les caves troglodytes).<\/p>\n<p>Guillaume et Claude Paris aiment partager la passion de leur m\u00e9tier, du travail de la vigne aux secrets de l\u2019\u00e9laboration des fines bulles ou des vins tranquilles (des plus secs au plus liquoreux).<\/p>\n","protected":false},"excerpt":{"rendered":"<p>Ch\u00e2teau Pi\u00e9gu\u00eb (Anjou) Ch\u00e2teau Pi\u00e9gu\u00eb est situ\u00e9 en vall\u00e9e de Loire, \u00e0 Rochefort-sur-Loire, \u00e0 20 minutes d\u2019Angers. D\u2019une superficie de 28 hectares, plant\u00e9 50% en blanc et 50% en rouge, le vignoble est dispos\u00e9 en coteaux et domine la Loire. Les c\u00e9pages tels que le Chenin blanc, le Grolleau, le Cabernet Sauvignon, le Chardonnay et [&hellip;]<\/p>\n","protected":false},"author":2,"featured_media":0,"parent":0,"menu_order":0,"comment_status":"closed","ping_status":"closed","template":"","meta":{"footnotes":""},"class_list":["post-898","page","type-page","status-publish","hentry"],"_links":{"self":[{"href":"https:\/\/lafetedesvignerons.be\/index.php\/wp-json\/wp\/v2\/pages\/898","targetHints":{"allow":["GET"]}}],"collection":[{"href":"https:\/\/lafetedesvignerons.be\/index.php\/wp-json\/wp\/v2\/pages"}],"about":[{"href":"https:\/\/lafetedesvignerons.be\/index.php\/wp-json\/wp\/v2\/types\/page"}],"author":[{"embeddable":true,"href":"https:\/\/lafetedesvignerons.be\/index.php\/wp-json\/wp\/v2\/users\/2"}],"replies":[{"embeddable":true,"href":"https:\/\/lafetedesvignerons.be\/index.php\/wp-json\/wp\/v2\/comments?post=898"}],"version-history":[{"count":2,"href":"https:\/\/lafetedesvignerons.be\/index.php\/wp-json\/wp\/v2\/pages\/898\/revisions"}],"predecessor-version":[{"id":2220,"href":"https:\/\/lafetedesvignerons.be\/index.php\/wp-json\/wp\/v2\/pages\/898\/revisions\/2220"}],"wp:attachment":[{"href":"https:\/\/lafetedesvignerons.be\/index.php\/wp-json\/wp\/v2\/media?parent=898"}],"curies":[{"name":"wp","href":"https:\/\/api.w.org\/{rel}","templated":true}]}}